{"id":2590,"date":"2024-11-13T10:05:48","date_gmt":"2024-11-13T10:05:48","guid":{"rendered":"https:\/\/cicmap.localhost\/panoramica-di-tutte-le-comunita-religiose-e-spirituali\/"},"modified":"2026-01-13T08:17:29","modified_gmt":"2026-01-13T08:17:29","slug":"panoramica-di-tutte-le-comunita-religiose-e-spirituali","status":"publish","type":"page","link":"https:\/\/geo-religions.ch\/it\/panoramica-di-tutte-le-comunita-religiose-e-spirituali\/","title":{"rendered":"Diversit\u00e0 di tradizioni e correnti religiose"},"content":{"rendered":"\n<p>Geo-religions.ch presenta un panorama della diversit\u00e0 religiosa. Le 1695 comunit\u00e0 religiose e spirituali censite nei Cantoni di Ginevra, Vaud e Ticino nell\u2019ambito di diversi progetti di ricerca sono state raggruppate in tredici grandi tradizioni religiose. Ciascuna di esse riunisce una variet\u00e0 di correnti interne che condividono una serie di convinzioni o caratteristiche storiche, il che giustifica il loro raggruppamento. Nei tre Cantoni si contano cinquantatre correnti distinte.   <br\/><br\/><br\/><br\/><br\/><br\/><\/p>\n\n<p><\/p>\n\n<p><\/p>\n\n<p><\/p>\n\n<p><\/p>\n\n<hr class=\"wp-block-separator has-alpha-channel-opacity\"\/>\n\n<p>Per approfondire le definizioni delle tradizioni religiose:<\/p>\n\n<ul class=\"wp-block-list\">\n<li>Azria R\u00e9gine. 2010. <em>Le Juda\u00efsme<\/em>, \u00ab Les composantes du juda\u00efsme traditionnel \u00bb, pp. 39-62<\/li>\n\n\n\n<li>CIC. 2014.  <em>D\u2019\u00c9glise en Ashram. Cartographie de la diversit\u00e9 religieuse \u00e0 Gen\u00e8ve, <\/em>Gen\u00e8ve : CIC.<\/li>\n\n\n\n<li>Hoog Anne H\u00e9l\u00e8ne. 2001. \u00ab Le Juda\u00efsme d\u2019une g\u00e9n\u00e9ration \u00e0 l\u2019autre \u00bb, Gallimard, 11, pp. 88-95.<\/li>\n\n\n\n<li>De Santa Ana Julio. 1993. <em>\u0152cum\u00e9nisme<\/em> et lib\u00e9ration, Paris : Les \u00c9ditions du Cerf.<\/li>\n\n\n\n<li>Goossaert, Vincent. 1997. \u201cLa cr\u00e9ation du tao\u00efsme moderne: l\u2019ordre Quanzhen\u201d, <em>Annuaires de l\u2019\u00c9cole pratique des hautes \u00e9tudes<\/em>, 106. Pp. 597-602.<\/li>\n\n\n\n<li>Marzi Eva. 2020. (avec la collaboration de Brigitte Knobel, Irene Becci, Aude Zurbuchen et Chlo\u00e9 Berthet), <em>Credo. Une cartographie de la diversit\u00e9 religieuse vaudoise<\/em>. Lausanne : Antipodes.<\/li>\n\n\n\n<li>Moretti Federica, Roverti Tatiana. 2024. Re: Spiri. Cartografia della diversit\u00e0 religiosa e spirituale del Canton Ticino, dirig\u00e9 et avec les contributions de M. Farahmand, M. Piraud, <em>Annuario di Storia Religiosa della Svizzera Italiana<\/em>, Facult\u00e9 de th\u00e9ologie de Lugano (FTL).<\/li>\n\n\n\n<li>Philippon, Alix. 2015. \u00ab Soufisme et politique \u00bb, <em>Revue des deux mondes.<\/em><\/li>\n\n\n\n<li>Sedgwick Marc J. 2001. <em>Le soufisme<\/em>, Paris: Editions du Serf, 2001.<\/li>\n\n\n\n<li>Shook, E. Victoria. 1986. <em>Ho\u2019oponopono : Contemporary Uses of Hawaiian Problem Solving Process<\/em>, University of Hawaii Press<\/li>\n\n\n\n<li>Tavard Georges. 1994. <em>L\u2019\u0153cum\u00e9nisme<\/em>, Paris : Presses Universitaires de France, pp. 32-35.<\/li>\n\n\n\n<li>Varenne, Jean. 2002. Dictionnaire de l&#8217;hindouisme. introduction \u00e0 la signification des symboles et mythes hindous. \u00c9ditions du Rocher<\/li>\n\n\n\n<li>Les dossiers d&#8217;informations du Centre intercantonal d&#8217;information sur les croyances<\/li>\n<\/ul>\n","protected":false},"excerpt":{"rendered":"<p>Geo-religions.ch presenta un panorama della diversit\u00e0 religiosa. Le 1695 comunit\u00e0 religiose e spirituali censite nei Cantoni di Ginevra, Vaud e Ticino nell\u2019ambito di diversi progetti di ricerca sono state raggruppate in tredici grandi tradizioni religiose. Ciascuna di esse riunisce una variet\u00e0 di correnti interne che condividono una serie di convinzioni o caratteristiche storiche, il che [&hellip;]<\/p>\n","protected":false},"author":1,"featured_media":0,"parent":0,"menu_order":0,"comment_status":"closed","ping_status":"closed","template":"templates\/template-traditions.php","meta":{"_acf_changed":false,"footnotes":""},"class_list":["post-2590","page","type-page","status-publish","hentry"],"acf":[],"_links":{"self":[{"href":"https:\/\/geo-religions.ch\/it\/wp-json\/wp\/v2\/pages\/2590","targetHints":{"allow":["GET"]}}],"collection":[{"href":"https:\/\/geo-religions.ch\/it\/wp-json\/wp\/v2\/pages"}],"about":[{"href":"https:\/\/geo-religions.ch\/it\/wp-json\/wp\/v2\/types\/page"}],"author":[{"embeddable":true,"href":"https:\/\/geo-religions.ch\/it\/wp-json\/wp\/v2\/users\/1"}],"replies":[{"embeddable":true,"href":"https:\/\/geo-religions.ch\/it\/wp-json\/wp\/v2\/comments?post=2590"}],"version-history":[{"count":17,"href":"https:\/\/geo-religions.ch\/it\/wp-json\/wp\/v2\/pages\/2590\/revisions"}],"predecessor-version":[{"id":10777,"href":"https:\/\/geo-religions.ch\/it\/wp-json\/wp\/v2\/pages\/2590\/revisions\/10777"}],"wp:attachment":[{"href":"https:\/\/geo-religions.ch\/it\/wp-json\/wp\/v2\/media?parent=2590"}],"curies":[{"name":"wp","href":"https:\/\/api.w.org\/{rel}","templated":true}]}}